{"id":16,"date":"2018-01-16T23:53:09","date_gmt":"2018-01-16T23:53:09","guid":{"rendered":"http:\/\/fondationgamins.org\/WP\/?page_id=16"},"modified":"2025-10-23T01:17:33","modified_gmt":"2025-10-23T01:17:33","slug":"accueil","status":"publish","type":"page","link":"http:\/\/fondationgamins.org\/WP\/","title":{"rendered":"Accueil"},"content":{"rendered":"<p>[vc_row row_type= &raquo;row &raquo; use_row_as_full_screen_section= &raquo;yes &raquo; type= &raquo;grid &raquo; anchor= &raquo;apropos &raquo; oblique_section= &raquo;no &raquo; text_align= &raquo;left &raquo; background_color= &raquo;#ffffff &raquo; border_top_color= &raquo;#ffffff &raquo; padding_top= &raquo;0&Prime; padding_bottom= &raquo;130&Prime; css_animation= &raquo; &raquo; box_shadow_on_row= &raquo;no &raquo;][vc_column css= &raquo;.vc_custom_1525624807490{background-color: #ffffff !important;} &raquo;][vc_column_text css= &raquo;.vc_custom_1760579561449{padding-top: 0px !important;} &raquo;]<\/p>\n<h3 style=\"text-align: center;\">\u00c0 propos de nous<\/h3>\n<p>&nbsp;<\/p>\n<p style=\"text-align: center;\">La Fondation Gamins est un organisme sans but lucratif situ\u00e9 dans la ville de Longueuil. Sa mission est de mettre en oeuvre les moyens n\u00e9cessaires pour procurer ou mettre \u00e0 la disposition des \u00e9l\u00e8ves et des diff\u00e9rents partenaires de l\u2019\u00e9cole des Petits-Explorateurs des biens et services permettant d\u2019assurer la r\u00e9alisation du projet \u00e9ducatif et l\u2019am\u00e9lioration de leur qualit\u00e9 de vie.<\/p>\n<p>[\/vc_column_text][\/vc_column][\/vc_row][vc_row row_type= &raquo;row &raquo; use_row_as_full_screen_section= &raquo;no &raquo; type= &raquo;grid &raquo; anchor= &raquo;nouvelles &raquo; oblique_section= &raquo;no &raquo; text_align= &raquo;left &raquo; background_color= &raquo;#f9f6ed &raquo; css_animation= &raquo; &raquo; box_shadow_on_row= &raquo;no &raquo;][vc_column el_id= &raquo;nouvelles &raquo;][vc_column_text css= &raquo;.vc_custom_1525787103233{padding-top: 80px !important;} &raquo;]<\/p>\n<h3 style=\"text-align: center;\">Nouvelles<\/h3>\n<p>[\/vc_column_text][vc_empty_space height= &raquo;60px &raquo; image_repeat= &raquo;no-repeat &raquo;]<div class=\"latest_post_holder  boxes two_columns\"><ul class='post_list'><li class=\"clearfix\" ><div class=\"box_padding_border\"><div class=\"boxes_image\"><a href=\"http:\/\/fondationgamins.org\/WP\/2025\/10\/16\/la-vente-de-fromages-2025\/\"><img width=\"800\" height=\"600\" src=\"http:\/\/fondationgamins.org\/WP\/wp-content\/uploads\/2025\/10\/f4a24274-7a2a-4e87-b450-503f6b36e348-800x600.webp\" class=\"attachment-portfolio-landscape size-portfolio-landscape wp-post-image\" alt=\"\" decoding=\"async\" loading=\"lazy\" \/><span class=\"latest_post_overlay\" ><\/span><\/a><\/div><div class=\"latest_post\" ><div class=\"latest_post_text\"><div class=\"latest_post_title_holder\"><h4 class=\"latest_post_title \" ><span class=\"date\" >16 Oct <\/span><a href=\"http:\/\/fondationgamins.org\/WP\/2025\/10\/16\/la-vente-de-fromages-2025\/\" >La vente de fromages est de retour\u2013 un d\u00e9lice qui soutient nos jeunes!<\/a><\/h4><\/div><div class=\"post_info_section\" ><div class=\"latest_post_categories\"> Cat\u00e9gorie: <a  href=\"http:\/\/fondationgamins.org\/WP\/category\/campagnes\/\">Campagnes <\/a> <a  href=\"http:\/\/fondationgamins.org\/WP\/category\/nouvelles\/\">Nouvelles <\/a> <\/div><\/div><p class=\"excerpt\" >Cette ann\u00e9e encore, r\u00e9galez-vous tout en soutenant notre \u00e9cole gr\u00e2ce \u00e0 la\u00a0vente de coffrets de fromages fins du Qu\u00e9bec. En choisissant un coffret, vous profitez : d\u2019un\u00a0prix avantageux, inf\u00e9...<\/p><\/div><\/div><\/div><\/li><li class=\"clearfix\" ><div class=\"box_padding_border\"><div class=\"boxes_image\"><a href=\"http:\/\/fondationgamins.org\/WP\/2018\/05\/16\/inauguration-de-la-cour\/\"><img width=\"800\" height=\"600\" src=\"http:\/\/fondationgamins.org\/WP\/wp-content\/uploads\/2018\/05\/inauguration-cours-800x600.jpg\" class=\"attachment-portfolio-landscape size-portfolio-landscape wp-post-image\" alt=\"\" decoding=\"async\" loading=\"lazy\" \/><span class=\"latest_post_overlay\" ><\/span><\/a><\/div><div class=\"latest_post\" ><div class=\"latest_post_text\"><div class=\"latest_post_title_holder\"><h4 class=\"latest_post_title \" ><span class=\"date\" >16 Mai <\/span><a href=\"http:\/\/fondationgamins.org\/WP\/2018\/05\/16\/inauguration-de-la-cour\/\" >Inauguration de la cour<\/a><\/h4><\/div><div class=\"post_info_section\" ><div class=\"latest_post_categories\"> Cat\u00e9gorie: <a  href=\"http:\/\/fondationgamins.org\/WP\/category\/evenements\/\">\u00c9v\u00e9nements <\/a> <\/div><\/div><p class=\"excerpt\" >Ne pas manquer l\u2019inauguration de la cour verte\u00a0le 24 mai prochain. \u00a0 Les \u00e9l\u00e8ves du 3e cycle vous pr\u00e9parent une grande soir\u00e9e d&rsquo;activit\u00e9s pour souligner le r\u00e9sultat des efforts collecti...<\/p><\/div><\/div><\/div><\/li><\/ul><\/div>[vc_row_inner row_type= &raquo;row &raquo; type= &raquo;full_width &raquo; use_row_as_full_screen_section_slide= &raquo;no &raquo; text_align= &raquo;center &raquo; css_animation= &raquo; &raquo; box_shadow_on_row= &raquo;no &raquo;][vc_column_inner css= &raquo;.vc_custom_1525871458279{padding-top: 10px !important;padding-bottom: 100px !important;} &raquo;]<a href=\"http:\/\/fondationgamins.org\/WP\/nouvelles\/\" target=\"_self\"  class=\"qbutton  icon_right\" style=\"\">Voir toutes les nouvelles<\/a>[\/vc_column_inner][\/vc_row_inner][vc_separator type= &raquo;normal &raquo;][vc_empty_space image_repeat= &raquo;no-repeat &raquo;][vc_column_text]<\/p>\n<h3 style=\"text-align: center;\">Faire un don<\/h3>\n<p>&nbsp;<\/p>\n<p class=\"p1\"><span class=\"s1\">En donnant \u00e0 la Fondation Gamins, vous soutenez la mission de\u00a0<b>favoriser la r\u00e9ussite et l\u2019\u00e9panouissement des \u00e9l\u00e8ves de l\u2019\u00e9cole des Petits-Explorateurs.<\/b><b><\/b><\/span><\/p>\n<p>&nbsp;<\/p>\n<p class=\"p2\"><span class=\"s2\">Chaque don fait une diff\u00e9rence!<\/span><\/p>\n<p>&nbsp;<\/p>\n<div style=\"position: relative; overflow: hidden; height: 450px; width: 100%;\"><iframe style=\"position: absolute; border: 0; top: 0; left: 0; bottom: 0; right: 0; width: 100%; height: 100%;\" title=\"Donation form powered by Zeffy\" src=\"https:\/\/www.zeffy.com\/embed\/donation-form\/un-don-pour-gamins\"><\/iframe><\/div>\n<p>[\/vc_column_text][\/vc_column][\/vc_row][vc_row row_type= &raquo;row &raquo; use_row_as_full_screen_section= &raquo;no &raquo; type= &raquo;grid &raquo; anchor= &raquo;dons &raquo; oblique_section= &raquo;no &raquo; text_align= &raquo;left &raquo; background_color= &raquo;#ffffff &raquo; padding_top= &raquo;100&Prime; padding_bottom= &raquo;50&Prime; css_animation= &raquo; &raquo; box_shadow_on_row= &raquo;no &raquo;][vc_column width= &raquo;1\/2&Prime;][vc_single_image image= &raquo;50636&Prime; img_size= &raquo;full &raquo; qode_css_animation= &raquo; &raquo; css= &raquo;.vc_custom_1525746007716{padding-bottom: 50px !important;} &raquo;][vc_empty_space height= &raquo;30px &raquo; image_repeat= &raquo;no-repeat &raquo;][vc_column_text]<\/p>\n<p style=\"text-align: left;\">Vous pouvez \u00e9galement soutenir la Fondation gr\u00e2ce \u00e0 FundScript !<\/p>\n<p><strong>Vous aurez besoin de notre code de groupe qui est le :\u00a0 VU6KWS<br \/>\n<em>(copiez-le avant de cliquer sur le logo de ici-bas et visiter le site!)<br \/>\n<\/em><\/strong><\/p>\n<p><a href=\"https:\/\/www.fundscrip.com\/soutenir-un-groupe\"><img decoding=\"async\" loading=\"lazy\" class=\"alignnone size-full wp-image-50775\" src=\"http:\/\/fondationgamins.org\/WP\/wp-content\/uploads\/2023\/03\/FundScrip-Logo.png\" alt=\"Logo FundScript\" width=\"300\" height=\"100\" \/><\/a>[\/vc_column_text][\/vc_column][vc_column width= &raquo;1\/2&Prime;][vc_single_image image= &raquo;50790&Prime; img_size= &raquo;large &raquo; onclick= &raquo;custom_link &raquo; img_link_target= &raquo;_blank &raquo; qode_css_animation= &raquo; &raquo; link= &raquo;https:\/\/colleamoi.com\/fr_CA\/collecte-de-fonds\/supporter &raquo;][vc_column_text]<\/p>\n<p class=\"lead\">Soutenez la Fondation Gamins tout en vous procurant des produits d\u2019identification durables et inspirants\u00a0!<\/p>\n<p>&nbsp;<\/p>\n<div class=\"card\" aria-labelledby=\"steps-title\">\n<p id=\"steps-title\" style=\"margin: 0 0 8px; font-size: 1.05rem; color: #0f172a;\">C\u2019est simple :<\/p>\n<ol>\n<li>Rendez\u2011vous sur <a href=\"https:\/\/colleamoi.com\/fr_CA\/collecte-de-fonds\/supporter\" target=\"_blank\" rel=\"noopener noreferrer\">colleamoi.com\/collecte-de-fonds\/supporter<\/a><\/li>\n<li>Cherchez <strong>\u00ab\u00a0Fondation Gamins\u00a0\u00bb<\/strong>.<\/li>\n<li>Cliquez sur notre nom et magasinez vos produits favoris.<\/li>\n<\/ol>\n<p>&nbsp;<\/p>\n<p class=\"note\">Chaque commande effectu\u00e9e via ce lien est automatiquement associ\u00e9e \u00e0 notre campagne de financement \u2014 un pourcentage des ventes sera remis \u00e0 la Fondation Gamins pour soutenir ses activit\u00e9s aupr\u00e8s des \u00e9l\u00e8ves.<\/p>\n<\/div>\n<p>[\/vc_column_text][\/vc_column][\/vc_row][vc_row row_type= &raquo;row &raquo; use_row_as_full_screen_section= &raquo;no &raquo; type= &raquo;grid &raquo; anchor= &raquo;ca &raquo; oblique_section= &raquo;no &raquo; text_align= &raquo;left &raquo; background_image= &raquo;50596&Prime; background_color= &raquo;#212121&Prime; padding_top= &raquo;70&Prime; padding_bottom= &raquo;0&Prime; css_animation= &raquo; &raquo; box_shadow_on_row= &raquo;no &raquo;][vc_column width= &raquo;1\/2&Prime; css= &raquo;.vc_custom_1525817091675{padding-top: 20px !important;padding-right: 40px !important;padding-left: 40px !important;} &raquo;]<div class='q_list circle'><span style=\"color: #99cc00; font-size: 20px;\"><strong><span style=\"color: #99cc00;\">Conseil<br \/>\n<\/span><\/strong><\/span><strong><span style=\"color: #99cc00; font-size: 20px;\"><span style=\"color: #99cc00;\">d&rsquo;administration<\/span><br \/>\n<span style=\"color: #99cc00;\">2025-2026<\/span><\/span><\/strong><\/p>\n<p>&nbsp;<\/p>\n<ul>\n<li><span style=\"color: #ffffff;\">Alexandra Magnan-Jauron \u2013 Pr\u00e9sidente<\/span><\/li>\n<li><span style=\"color: #ffffff;\">Julien Parent-Houle \u2013 Tr\u00e9sorier<\/span><\/li>\n<li><span style=\"color: #ffffff;\">Laurence Audette \u2013 Secr\u00e9taire et repr\u00e9sentante du personnel<\/span><\/li>\n<li><span style=\"color: #ffffff;\">Sara De Luca\u00a0\u2013 Administratrice<\/span><\/li>\n<li><span style=\"color: #ffffff;\">Gertie Kreling \u2013 Administratrice<\/span><\/li>\n<li><span style=\"color: #ffffff;\">Fr\u00e9d\u00e9rique Proulx \u2013 Administratrice<\/span><\/li>\n<li><span style=\"color: #ffffff;\">Samir Osmane \u2013 Repr\u00e9sentant du C.\u00c9.<\/span><\/li>\n<\/ul>\n<p><\/div>[vc_empty_space height= &raquo;50px &raquo; image_repeat= &raquo;no-repeat &raquo;][\/vc_column][vc_column width= &raquo;1\/2&Prime; css= &raquo;.vc_custom_1525825245781{padding-top: 60px !important;padding-right: 40px !important;padding-bottom: 60px !important;padding-left: 40px !important;background-color: rgba(0,0,0,0.61) !important;*background-color: rgb(0,0,0) !important;} &raquo; offset= &raquo;vc_col-sm-offset-0&Prime;][vc_column_text css= &raquo;.vc_custom_1525783626866{padding-top: 0px !important;} &raquo;]<\/p>\n<h3>Nous joindre<\/h3>\n<p>[\/vc_column_text][vc_empty_space height= &raquo;60px &raquo; image_repeat= &raquo;no-repeat &raquo;]\n<div class=\"wpcf7 no-js\" id=\"wpcf7-f50568-o1\" lang=\"fr-FR\" dir=\"ltr\">\n<div class=\"screen-reader-response\"><p role=\"status\" aria-live=\"polite\" aria-atomic=\"true\"><\/p> <ul><\/ul><\/div>\n<form action=\"\/WP\/wp-json\/wp\/v2\/pages\/16#wpcf7-f50568-o1\" method=\"post\" class=\"wpcf7-form init cf7_custom_style_1\" aria-label=\"Formulaire de contact\" novalidate=\"novalidate\" data-status=\"init\">\n<div style=\"display: none;\">\n<input type=\"hidden\" name=\"_wpcf7\" value=\"50568\" \/>\n<input type=\"hidden\" name=\"_wpcf7_version\" value=\"5.7.4\" \/>\n<input type=\"hidden\" name=\"_wpcf7_locale\" value=\"fr_FR\" \/>\n<input type=\"hidden\" name=\"_wpcf7_unit_tag\" value=\"wpcf7-f50568-o1\" \/>\n<input type=\"hidden\" name=\"_wpcf7_container_post\" value=\"0\" \/>\n<input type=\"hidden\" name=\"_wpcf7_posted_data_hash\" value=\"\" \/>\n<\/div>\n<p><label> Votre nom (obligatoire)<br \/>\n<span class=\"wpcf7-form-control-wrap\" data-name=\"your-name\"><input size=\"40\" class=\"wpcf7-form-control wpcf7-text wpcf7-validates-as-required\" aria-required=\"true\" aria-invalid=\"false\" value=\"\" type=\"text\" name=\"your-name\" \/><\/span> <\/label>\n<\/p>\n<p><label> Votre courriel (obligatoire)<br \/>\n<span class=\"wpcf7-form-control-wrap\" data-name=\"your-email\"><input size=\"40\" class=\"wpcf7-form-control wpcf7-text wpcf7-email wpcf7-validates-as-required wpcf7-validates-as-email\" aria-required=\"true\" aria-invalid=\"false\" value=\"\" type=\"email\" name=\"your-email\" \/><\/span> <\/label>\n<\/p>\n<p><label> Objet<br \/>\n<span class=\"wpcf7-form-control-wrap\" data-name=\"your-subject\"><input size=\"40\" class=\"wpcf7-form-control wpcf7-text\" aria-invalid=\"false\" value=\"\" type=\"text\" name=\"your-subject\" \/><\/span> <\/label>\n<\/p>\n<p><label> Votre message<br \/>\n<span class=\"wpcf7-form-control-wrap\" data-name=\"your-message\"><textarea cols=\"40\" rows=\"10\" class=\"wpcf7-form-control wpcf7-textarea\" aria-invalid=\"false\" name=\"your-message\"><\/textarea><\/span> <\/label>\n<\/p>\n<p><input class=\"wpcf7-form-control has-spinner wpcf7-submit\" type=\"submit\" value=\"Envoyer\" \/>\n<\/p><p style=\"display: none !important;\"><label>&#916;<textarea name=\"_wpcf7_ak_hp_textarea\" cols=\"45\" rows=\"8\" maxlength=\"100\"><\/textarea><\/label><input type=\"hidden\" id=\"ak_js_1\" name=\"_wpcf7_ak_js\" value=\"102\"\/><script>document.getElementById( \"ak_js_1\" ).setAttribute( \"value\", ( new Date() ).getTime() );<\/script><\/p><div class=\"wpcf7-response-output\" aria-hidden=\"true\"><\/div>\n<\/form>\n<\/div>\n[\/vc_column][\/vc_row]<\/p>\n","protected":false},"excerpt":{"rendered":"<p>[vc_row row_type= &raquo;row &raquo; use_row_as_full_screen_section= &raquo;yes &raquo; type= &raquo;grid &raquo; anchor= &raquo;apropos &raquo; oblique_section= &raquo;no &raquo; text_align= &raquo;left &raquo; background_color= &raquo;#ffffff &raquo; border_top_color= &raquo;#ffffff &raquo; padding_top= &raquo;0&Prime; padding_bottom= &raquo;130&Prime; css_animation= &raquo; &raquo; box_shadow_on_row= &raquo;no &raquo;][vc_column css= &raquo;.vc_custom_1525624807490{background-color: #ffffff !important;} &raquo;][vc_column_text css= &raquo;.vc_custom_1760579561449{padding-top: 0px !important;} &raquo;]&#8230;<\/p>\n","protected":false},"author":1,"featured_media":0,"parent":0,"menu_order":0,"comment_status":"closed","ping_status":"closed","template":"full_width.php","meta":[],"_links":{"self":[{"href":"http:\/\/fondationgamins.org\/WP\/wp-json\/wp\/v2\/pages\/16"}],"collection":[{"href":"http:\/\/fondationgamins.org\/WP\/wp-json\/wp\/v2\/pages"}],"about":[{"href":"http:\/\/fondationgamins.org\/WP\/wp-json\/wp\/v2\/types\/page"}],"author":[{"embeddable":true,"href":"http:\/\/fondationgamins.org\/WP\/wp-json\/wp\/v2\/users\/1"}],"replies":[{"embeddable":true,"href":"http:\/\/fondationgamins.org\/WP\/wp-json\/wp\/v2\/comments?post=16"}],"version-history":[{"count":255,"href":"http:\/\/fondationgamins.org\/WP\/wp-json\/wp\/v2\/pages\/16\/revisions"}],"predecessor-version":[{"id":50839,"href":"http:\/\/fondationgamins.org\/WP\/wp-json\/wp\/v2\/pages\/16\/revisions\/50839"}],"wp:attachment":[{"href":"http:\/\/fondationgamins.org\/WP\/wp-json\/wp\/v2\/media?parent=16"}],"curies":[{"name":"wp","href":"https:\/\/api.w.org\/{rel}","templated":true}]}}